{"id":5,"date":"2013-12-16T16:00:57","date_gmt":"2013-12-16T16:00:57","guid":{"rendered":"http:\/\/gad-company.com\/?page_id=5"},"modified":"2018-10-08T07:30:27","modified_gmt":"2018-10-08T07:30:27","slug":"welcome-to-global-advanced-development-compnay-gmbh","status":"publish","type":"page","link":"http:\/\/gad-company.com\/","title":{"rendered":"Welcome to Global Advanced Development Company GmbH"},"content":{"rendered":"<p><img loading=\"lazy\" decoding=\"async\" class=\"alignnone size-full wp-image-39\" src=\"http:\/\/gad-company.com\/wp-content\/uploads\/2013\/12\/GAD-website-under-construction.jpg\" alt=\"\" width=\"940\" height=\"285\" srcset=\"http:\/\/gad-company.com\/wp-content\/uploads\/2013\/12\/GAD-website-under-construction.jpg 940w, http:\/\/gad-company.com\/wp-content\/uploads\/2013\/12\/GAD-website-under-construction-300x90.jpg 300w\" sizes=\"auto, (max-width: 940px) 100vw, 940px\" \/><\/p>\n<p>&nbsp;<\/p>\n<p>Der Gegenstand des Unternehmens ist<br \/>\n1. Der Erwerb und die Vermietung von Liegenschaften, B\u00fcror\u00e4umlichkeiten und Wohnungen.<\/p>\n<p>2. Forschung und Entwicklung im Bereich Architektur und Bauingenieurwesen. Planung und Durchf\u00fchrung von Tief und Hochbau. Entwicklung und Planung von Passivh\u00e4usern und St\u00e4dten mit autarker Energie, besonders unter Verwendung von erneuerbaren Energieformen.<\/p>\n<p>3. Forschung \u00fcber sowie Planung und Entwicklung von St\u00e4dten und D\u00f6rfern f\u00fcr Entwicklungsl\u00e4ndern zur Erreichung eines autarken Systems, um eine nachhaltige Lebensqualit\u00e4t zu erm\u00f6glichen.<\/p>\n<p>4. Engineering, Konstruktionsarbeiten, Fertigung, Montage und Inbetriebnahme von Haustechnikanlagen, unter der Verwendung von innovativen Technologien, besonders mit Verwendung von erneuerbaren Energieformen.<\/p>\n<p>5. Forschung und Entwicklung zur Herstellung von Anlagen f\u00fcr die Erzeugung von erneuerbaren Energien. Forschung und Entwicklung zur Herstellung von innovativen Baustoffen mit dem Ziel der Minimierung von CO2 Emissionen.<\/p>\n<p>6. Forschung und Entwicklung von innovativen Transportmitteln in St\u00e4dten mit dem Ziel der Reduzierung von CO2 Emissionen.<\/p>\n<p>7. Handel mit und Vermittlung von Waren aller Art, insbesondere Anlagen, Einrichtungen und Ersatzteilen f\u00fcr die Industrie und Bauwesen im In-und Ausland.<\/p>\n<p>8. Die technische und wirtschaftliche Beratung von Firmen im In-und Ausland auf oben genannten Gebieten.<\/p>\n<p>9. Die Gesellschaft ist berechtigt, im In- und Ausland Zweigniederlassungen zu errichten und sich an anderen Unternehmen zu beteiligen.<\/p>\n<p>10. Die Projektierung und Entwicklung von Liegenschaften und Bauvorhaben, das Baumeistergewerbe sowie alle Baugewerbe<\/p>\n","protected":false},"excerpt":{"rendered":"<p>&nbsp; Der Gegenstand des Unternehmens ist 1. Der Erwerb und die Vermietung von Liegenschaften, B\u00fcror\u00e4umlichkeiten und Wohnungen. 2. Forschung und Entwicklung im Bereich Architektur und Bauingenieurwesen. Planung und Durchf\u00fchrung von Tief und Hochbau. Entwicklung und Planung von Passivh\u00e4usern und St\u00e4dten mit autarker Energie, besonders unter Verwendung von erneuerbaren Energieformen. 3. Forschung \u00fcber sowie Planung und &#8230; <span class=\"more\"><a class=\"more-link\" href=\"http:\/\/gad-company.com\/\">[Read more&#8230;]<\/a><\/span><\/p>\n","protected":false},"author":1,"featured_media":0,"parent":0,"menu_order":0,"comment_status":"closed","ping_status":"closed","template":"","meta":{"jetpack_post_was_ever_published":false,"footnotes":""},"class_list":["entry","page","publish","author-nassir","post-5"],"jetpack_sharing_enabled":true,"_links":{"self":[{"href":"http:\/\/gad-company.com\/index.php?rest_route=\/wp\/v2\/pages\/5","targetHints":{"allow":["GET"]}}],"collection":[{"href":"http:\/\/gad-company.com\/index.php?rest_route=\/wp\/v2\/pages"}],"about":[{"href":"http:\/\/gad-company.com\/index.php?rest_route=\/wp\/v2\/types\/page"}],"author":[{"embeddable":true,"href":"http:\/\/gad-company.com\/index.php?rest_route=\/wp\/v2\/users\/1"}],"replies":[{"embeddable":true,"href":"http:\/\/gad-company.com\/index.php?rest_route=%2Fwp%2Fv2%2Fcomments&post=5"}],"version-history":[{"count":6,"href":"http:\/\/gad-company.com\/index.php?rest_route=\/wp\/v2\/pages\/5\/revisions"}],"predecessor-version":[{"id":70,"href":"http:\/\/gad-company.com\/index.php?rest_route=\/wp\/v2\/pages\/5\/revisions\/70"}],"wp:attachment":[{"href":"http:\/\/gad-company.com\/index.php?rest_route=%2Fwp%2Fv2%2Fmedia&parent=5"}],"curies":[{"name":"wp","href":"https:\/\/api.w.org\/{rel}","templated":true}]}}